{"id":32230,"date":"2020-01-19T20:29:12","date_gmt":"2020-01-19T19:29:12","guid":{"rendered":"http:\/\/beta.of-liberty.com\/?page_id=32230"},"modified":"2022-12-29T06:04:21","modified_gmt":"2022-12-29T05:04:21","slug":"nichees","status":"publish","type":"page","link":"https:\/\/beta.of-liberty.com\/en\/elevage\/nichees\/","title":{"rendered":"Litters"},"content":{"rendered":"","protected":false},"excerpt":{"rendered":"","protected":false},"author":1,"featured_media":0,"parent":38867,"menu_order":0,"comment_status":"closed","ping_status":"closed","template":"","meta":{"_et_pb_use_builder":"","_et_pb_old_content":"","_et_gb_content_width":"","_jf_save_progress":"","_jf_limit_responses":"","_jet_sm_ready_style":"","_jet_sm_style":"","_jet_sm_controls_values":"","_jet_sm_fonts_collection":"","_jet_sm_fonts_links":"","footnotes":""},"class_list":["post-32230","page","type-page","status-publish","hentry"],"yoast_head":"<!-- This site is optimized with the Yoast SEO plugin v24.8.1 - https:\/\/yoast.com\/wordpress\/plugins\/seo\/ -->\n<title>Nich\u00e9es - Of-liberty | Nich\u00e9es, Jeunes, R\u00e9producteurs, Retrait\u00e9s, \u00c0 vendre...<\/title>\n<meta name=\"description\" content=\"les whippets m\u2019ont accompagn\u00e9 pendant presque toute ma vie ... En 1956, j\u2019\u00e9levais la premi\u00e8re nich\u00e9e de whippets ... Mon souci constantObtenir des chiens heureux et des propri\u00e9taires heureux ...\" \/>\n<meta name=\"robots\" content=\"index, follow, max-snippet:-1, max-image-preview:large, max-video-preview:-1\" \/>\n<link rel=\"canonical\" href=\"https:\/\/beta.of-liberty.com\/en\/elevage\/nichees\/\" \/>\n<meta property=\"og:locale\" content=\"en_GB\" \/>\n<meta property=\"og:type\" content=\"article\" \/>\n<meta property=\"og:title\" content=\"Nich\u00e9es - Of-liberty | Nich\u00e9es, Jeunes, R\u00e9producteurs, Retrait\u00e9s, \u00c0 vendre...\" \/>\n<meta property=\"og:description\" content=\"les whippets m\u2019ont accompagn\u00e9 pendant presque toute ma vie ... En 1956, j\u2019\u00e9levais la premi\u00e8re nich\u00e9e de whippets ... Mon souci constantObtenir des chiens heureux et des propri\u00e9taires heureux ...\" \/>\n<meta property=\"og:url\" content=\"https:\/\/beta.of-liberty.com\/en\/elevage\/nichees\/\" \/>\n<meta property=\"og:site_name\" content=\"Of-liberty\" \/>\n<meta property=\"article:modified_time\" content=\"2022-12-29T05:04:21+00:00\" \/>\n<meta name=\"twitter:card\" content=\"summary_large_image\" \/>\n<script type=\"application\/ld+json\" class=\"yoast-schema-graph\">{\"@context\":\"https:\/\/schema.org\",\"@graph\":[{\"@type\":\"WebPage\",\"@id\":\"https:\/\/beta.of-liberty.com\/elevage\/nichees\/\",\"url\":\"https:\/\/beta.of-liberty.com\/elevage\/nichees\/\",\"name\":\"Nich\u00e9es - Of-liberty | Nich\u00e9es, Jeunes, R\u00e9producteurs, Retrait\u00e9s, \u00c0 vendre...\",\"isPartOf\":{\"@id\":\"https:\/\/beta.of-liberty.com\/#website\"},\"datePublished\":\"2020-01-19T19:29:12+00:00\",\"dateModified\":\"2022-12-29T05:04:21+00:00\",\"description\":\"les whippets m\u2019ont accompagn\u00e9 pendant presque toute ma vie ... En 1956, j\u2019\u00e9levais la premi\u00e8re nich\u00e9e de whippets ... Mon souci constantObtenir des chiens heureux et des propri\u00e9taires heureux ...\",\"breadcrumb\":{\"@id\":\"https:\/\/beta.of-liberty.com\/elevage\/nichees\/#breadcrumb\"},\"inLanguage\":\"en-GB\",\"potentialAction\":[{\"@type\":\"ReadAction\",\"target\":[\"https:\/\/beta.of-liberty.com\/elevage\/nichees\/\"]}]},{\"@type\":\"BreadcrumbList\",\"@id\":\"https:\/\/beta.of-liberty.com\/elevage\/nichees\/#breadcrumb\",\"itemListElement\":[{\"@type\":\"ListItem\",\"position\":1,\"name\":\"Accueil\",\"item\":\"https:\/\/beta.of-liberty.com\/\"},{\"@type\":\"ListItem\",\"position\":2,\"name\":\"Elevage de Whippets\",\"item\":\"https:\/\/beta.of-liberty.com\/elevage\/\"},{\"@type\":\"ListItem\",\"position\":3,\"name\":\"Nich\u00e9es\"}]},{\"@type\":\"WebSite\",\"@id\":\"https:\/\/beta.of-liberty.com\/#website\",\"url\":\"https:\/\/beta.of-liberty.com\/\",\"name\":\"Of-liberty\",\"description\":\"Pension, chenil, chatterrie, \u00e9levage de whippet\",\"potentialAction\":[{\"@type\":\"SearchAction\",\"target\":{\"@type\":\"EntryPoint\",\"urlTemplate\":\"https:\/\/beta.of-liberty.com\/?s={search_term_string}\"},\"query-input\":{\"@type\":\"PropertyValueSpecification\",\"valueRequired\":true,\"valueName\":\"search_term_string\"}}],\"inLanguage\":\"en-GB\"}]}<\/script>\n<!-- \/ Yoast SEO plugin. -->","yoast_head_json":{"title":"Nich\u00e9es - Of-liberty | Nich\u00e9es, Jeunes, R\u00e9producteurs, Retrait\u00e9s, \u00c0 vendre...","description":"les whippets m\u2019ont accompagn\u00e9 pendant presque toute ma vie ... En 1956, j\u2019\u00e9levais la premi\u00e8re nich\u00e9e de whippets ... Mon souci constantObtenir des chiens heureux et des propri\u00e9taires heureux ...","robots":{"index":"index","follow":"follow","max-snippet":"max-snippet:-1","max-image-preview":"max-image-preview:large","max-video-preview":"max-video-preview:-1"},"canonical":"https:\/\/beta.of-liberty.com\/en\/elevage\/nichees\/","og_locale":"en_GB","og_type":"article","og_title":"Nich\u00e9es - Of-liberty | Nich\u00e9es, Jeunes, R\u00e9producteurs, Retrait\u00e9s, \u00c0 vendre...","og_description":"les whippets m\u2019ont accompagn\u00e9 pendant presque toute ma vie ... En 1956, j\u2019\u00e9levais la premi\u00e8re nich\u00e9e de whippets ... Mon souci constantObtenir des chiens heureux et des propri\u00e9taires heureux ...","og_url":"https:\/\/beta.of-liberty.com\/en\/elevage\/nichees\/","og_site_name":"Of-liberty","article_modified_time":"2022-12-29T05:04:21+00:00","twitter_card":"summary_large_image","schema":{"@context":"https:\/\/schema.org","@graph":[{"@type":"WebPage","@id":"https:\/\/beta.of-liberty.com\/elevage\/nichees\/","url":"https:\/\/beta.of-liberty.com\/elevage\/nichees\/","name":"Nich\u00e9es - Of-liberty | Nich\u00e9es, Jeunes, R\u00e9producteurs, Retrait\u00e9s, \u00c0 vendre...","isPartOf":{"@id":"https:\/\/beta.of-liberty.com\/#website"},"datePublished":"2020-01-19T19:29:12+00:00","dateModified":"2022-12-29T05:04:21+00:00","description":"les whippets m\u2019ont accompagn\u00e9 pendant presque toute ma vie ... En 1956, j\u2019\u00e9levais la premi\u00e8re nich\u00e9e de whippets ... Mon souci constantObtenir des chiens heureux et des propri\u00e9taires heureux ...","breadcrumb":{"@id":"https:\/\/beta.of-liberty.com\/elevage\/nichees\/#breadcrumb"},"inLanguage":"en-GB","potentialAction":[{"@type":"ReadAction","target":["https:\/\/beta.of-liberty.com\/elevage\/nichees\/"]}]},{"@type":"BreadcrumbList","@id":"https:\/\/beta.of-liberty.com\/elevage\/nichees\/#breadcrumb","itemListElement":[{"@type":"ListItem","position":1,"name":"Accueil","item":"https:\/\/beta.of-liberty.com\/"},{"@type":"ListItem","position":2,"name":"Elevage de Whippets","item":"https:\/\/beta.of-liberty.com\/elevage\/"},{"@type":"ListItem","position":3,"name":"Nich\u00e9es"}]},{"@type":"WebSite","@id":"https:\/\/beta.of-liberty.com\/#website","url":"https:\/\/beta.of-liberty.com\/","name":"Of-liberty","description":"Pension, chenil, chatterrie, \u00e9levage de whippet","potentialAction":[{"@type":"SearchAction","target":{"@type":"EntryPoint","urlTemplate":"https:\/\/beta.of-liberty.com\/?s={search_term_string}"},"query-input":{"@type":"PropertyValueSpecification","valueRequired":true,"valueName":"search_term_string"}}],"inLanguage":"en-GB"}]}},"_links":{"self":[{"href":"https:\/\/beta.of-liberty.com\/en\/wp-json\/wp\/v2\/pages\/32230","targetHints":{"allow":["GET"]}}],"collection":[{"href":"https:\/\/beta.of-liberty.com\/en\/wp-json\/wp\/v2\/pages"}],"about":[{"href":"https:\/\/beta.of-liberty.com\/en\/wp-json\/wp\/v2\/types\/page"}],"author":[{"embeddable":true,"href":"https:\/\/beta.of-liberty.com\/en\/wp-json\/wp\/v2\/users\/1"}],"replies":[{"embeddable":true,"href":"https:\/\/beta.of-liberty.com\/en\/wp-json\/wp\/v2\/comments?post=32230"}],"version-history":[{"count":151,"href":"https:\/\/beta.of-liberty.com\/en\/wp-json\/wp\/v2\/pages\/32230\/revisions"}],"predecessor-version":[{"id":41479,"href":"https:\/\/beta.of-liberty.com\/en\/wp-json\/wp\/v2\/pages\/32230\/revisions\/41479"}],"up":[{"embeddable":true,"href":"https:\/\/beta.of-liberty.com\/en\/wp-json\/wp\/v2\/pages\/38867"}],"wp:attachment":[{"href":"https:\/\/beta.of-liberty.com\/en\/wp-json\/wp\/v2\/media?parent=32230"}],"curies":[{"name":"wp","href":"https:\/\/api.w.org\/{rel}","templated":true}]}}