{"id":39348,"date":"2021-07-06T09:17:47","date_gmt":"2021-07-06T07:17:47","guid":{"rendered":"https:\/\/beta.of-liberty.com\/?page_id=39348"},"modified":"2025-04-08T00:06:38","modified_gmt":"2025-04-07T22:06:38","slug":"chien-chats","status":"publish","type":"page","link":"https:\/\/beta.of-liberty.com\/en\/chien-chats\/","title":{"rendered":"Pension for dogs &amp; cats"},"content":{"rendered":"","protected":false},"excerpt":{"rendered":"","protected":false},"author":1,"featured_media":0,"parent":0,"menu_order":0,"comment_status":"closed","ping_status":"closed","template":"","meta":{"_et_pb_use_builder":"","_et_pb_old_content":"","_et_gb_content_width":"","_jf_save_progress":"","_jf_limit_responses":"","_jet_sm_ready_style":"","_jet_sm_style":"","_jet_sm_controls_values":"","_jet_sm_fonts_collection":"","_jet_sm_fonts_links":"","footnotes":""},"class_list":["post-39348","page","type-page","status-publish","hentry"],"yoast_head":"<!-- This site is optimized with the Yoast SEO plugin v24.8.1 - https:\/\/yoast.com\/wordpress\/plugins\/seo\/ -->\n<title>Pension chien et chats - Of-liberty<\/title>\n<meta name=\"description\" content=\"Tous nos pensionnaires sont soign\u00e9s individuellement avec beaucoup d\u2019affection et d\u2019attention.Les chats passent leurs vacances tous ensembles, en libert\u00e9, dans un chalet chauff\u00e9, avec acc\u00e8s permanent dans un beau jardin fleuri et cl\u00f4tur\u00e9.\" \/>\n<meta name=\"robots\" content=\"index, follow, max-snippet:-1, max-image-preview:large, max-video-preview:-1\" \/>\n<link rel=\"canonical\" href=\"https:\/\/beta.of-liberty.com\/en\/chien-chats\/\" \/>\n<meta property=\"og:locale\" content=\"en_GB\" \/>\n<meta property=\"og:type\" content=\"article\" \/>\n<meta property=\"og:title\" content=\"Pension chien et chats - Of-liberty\" \/>\n<meta property=\"og:description\" content=\"Tous nos pensionnaires sont soign\u00e9s individuellement avec beaucoup d\u2019affection et d\u2019attention.Les chats passent leurs vacances tous ensembles, en libert\u00e9, dans un chalet chauff\u00e9, avec acc\u00e8s permanent dans un beau jardin fleuri et cl\u00f4tur\u00e9.\" \/>\n<meta property=\"og:url\" content=\"https:\/\/beta.of-liberty.com\/en\/chien-chats\/\" \/>\n<meta property=\"og:site_name\" content=\"Of-liberty\" \/>\n<meta property=\"article:modified_time\" content=\"2025-04-07T22:06:38+00:00\" \/>\n<meta name=\"twitter:card\" content=\"summary_large_image\" \/>\n<script type=\"application\/ld+json\" class=\"yoast-schema-graph\">{\"@context\":\"https:\/\/schema.org\",\"@graph\":[{\"@type\":\"WebPage\",\"@id\":\"https:\/\/beta.of-liberty.com\/chien-chats\/\",\"url\":\"https:\/\/beta.of-liberty.com\/chien-chats\/\",\"name\":\"Pension chien et chats - Of-liberty\",\"isPartOf\":{\"@id\":\"https:\/\/beta.of-liberty.com\/#website\"},\"datePublished\":\"2021-07-06T07:17:47+00:00\",\"dateModified\":\"2025-04-07T22:06:38+00:00\",\"description\":\"Tous nos pensionnaires sont soign\u00e9s individuellement avec beaucoup d\u2019affection et d\u2019attention.Les chats passent leurs vacances tous ensembles, en libert\u00e9, dans un chalet chauff\u00e9, avec acc\u00e8s permanent dans un beau jardin fleuri et cl\u00f4tur\u00e9.\",\"breadcrumb\":{\"@id\":\"https:\/\/beta.of-liberty.com\/chien-chats\/#breadcrumb\"},\"inLanguage\":\"en-GB\",\"potentialAction\":[{\"@type\":\"ReadAction\",\"target\":[\"https:\/\/beta.of-liberty.com\/chien-chats\/\"]}]},{\"@type\":\"BreadcrumbList\",\"@id\":\"https:\/\/beta.of-liberty.com\/chien-chats\/#breadcrumb\",\"itemListElement\":[{\"@type\":\"ListItem\",\"position\":1,\"name\":\"Accueil\",\"item\":\"https:\/\/beta.of-liberty.com\/\"},{\"@type\":\"ListItem\",\"position\":2,\"name\":\"Pension chien et chats\"}]},{\"@type\":\"WebSite\",\"@id\":\"https:\/\/beta.of-liberty.com\/#website\",\"url\":\"https:\/\/beta.of-liberty.com\/\",\"name\":\"Of-liberty\",\"description\":\"Pension, chenil, chatterrie, \u00e9levage de whippet\",\"potentialAction\":[{\"@type\":\"SearchAction\",\"target\":{\"@type\":\"EntryPoint\",\"urlTemplate\":\"https:\/\/beta.of-liberty.com\/?s={search_term_string}\"},\"query-input\":{\"@type\":\"PropertyValueSpecification\",\"valueRequired\":true,\"valueName\":\"search_term_string\"}}],\"inLanguage\":\"en-GB\"}]}<\/script>\n<!-- \/ Yoast SEO plugin. -->","yoast_head_json":{"title":"Pension chien et chats - Of-liberty","description":"Tous nos pensionnaires sont soign\u00e9s individuellement avec beaucoup d\u2019affection et d\u2019attention.Les chats passent leurs vacances tous ensembles, en libert\u00e9, dans un chalet chauff\u00e9, avec acc\u00e8s permanent dans un beau jardin fleuri et cl\u00f4tur\u00e9.","robots":{"index":"index","follow":"follow","max-snippet":"max-snippet:-1","max-image-preview":"max-image-preview:large","max-video-preview":"max-video-preview:-1"},"canonical":"https:\/\/beta.of-liberty.com\/en\/chien-chats\/","og_locale":"en_GB","og_type":"article","og_title":"Pension chien et chats - Of-liberty","og_description":"Tous nos pensionnaires sont soign\u00e9s individuellement avec beaucoup d\u2019affection et d\u2019attention.Les chats passent leurs vacances tous ensembles, en libert\u00e9, dans un chalet chauff\u00e9, avec acc\u00e8s permanent dans un beau jardin fleuri et cl\u00f4tur\u00e9.","og_url":"https:\/\/beta.of-liberty.com\/en\/chien-chats\/","og_site_name":"Of-liberty","article_modified_time":"2025-04-07T22:06:38+00:00","twitter_card":"summary_large_image","schema":{"@context":"https:\/\/schema.org","@graph":[{"@type":"WebPage","@id":"https:\/\/beta.of-liberty.com\/chien-chats\/","url":"https:\/\/beta.of-liberty.com\/chien-chats\/","name":"Pension chien et chats - Of-liberty","isPartOf":{"@id":"https:\/\/beta.of-liberty.com\/#website"},"datePublished":"2021-07-06T07:17:47+00:00","dateModified":"2025-04-07T22:06:38+00:00","description":"Tous nos pensionnaires sont soign\u00e9s individuellement avec beaucoup d\u2019affection et d\u2019attention.Les chats passent leurs vacances tous ensembles, en libert\u00e9, dans un chalet chauff\u00e9, avec acc\u00e8s permanent dans un beau jardin fleuri et cl\u00f4tur\u00e9.","breadcrumb":{"@id":"https:\/\/beta.of-liberty.com\/chien-chats\/#breadcrumb"},"inLanguage":"en-GB","potentialAction":[{"@type":"ReadAction","target":["https:\/\/beta.of-liberty.com\/chien-chats\/"]}]},{"@type":"BreadcrumbList","@id":"https:\/\/beta.of-liberty.com\/chien-chats\/#breadcrumb","itemListElement":[{"@type":"ListItem","position":1,"name":"Accueil","item":"https:\/\/beta.of-liberty.com\/"},{"@type":"ListItem","position":2,"name":"Pension chien et chats"}]},{"@type":"WebSite","@id":"https:\/\/beta.of-liberty.com\/#website","url":"https:\/\/beta.of-liberty.com\/","name":"Of-liberty","description":"Pension, chenil, chatterrie, \u00e9levage de whippet","potentialAction":[{"@type":"SearchAction","target":{"@type":"EntryPoint","urlTemplate":"https:\/\/beta.of-liberty.com\/?s={search_term_string}"},"query-input":{"@type":"PropertyValueSpecification","valueRequired":true,"valueName":"search_term_string"}}],"inLanguage":"en-GB"}]}},"_links":{"self":[{"href":"https:\/\/beta.of-liberty.com\/en\/wp-json\/wp\/v2\/pages\/39348","targetHints":{"allow":["GET"]}}],"collection":[{"href":"https:\/\/beta.of-liberty.com\/en\/wp-json\/wp\/v2\/pages"}],"about":[{"href":"https:\/\/beta.of-liberty.com\/en\/wp-json\/wp\/v2\/types\/page"}],"author":[{"embeddable":true,"href":"https:\/\/beta.of-liberty.com\/en\/wp-json\/wp\/v2\/users\/1"}],"replies":[{"embeddable":true,"href":"https:\/\/beta.of-liberty.com\/en\/wp-json\/wp\/v2\/comments?post=39348"}],"version-history":[{"count":126,"href":"https:\/\/beta.of-liberty.com\/en\/wp-json\/wp\/v2\/pages\/39348\/revisions"}],"predecessor-version":[{"id":41694,"href":"https:\/\/beta.of-liberty.com\/en\/wp-json\/wp\/v2\/pages\/39348\/revisions\/41694"}],"wp:attachment":[{"href":"https:\/\/beta.of-liberty.com\/en\/wp-json\/wp\/v2\/media?parent=39348"}],"curies":[{"name":"wp","href":"https:\/\/api.w.org\/{rel}","templated":true}]}}