{"id":39619,"date":"2021-07-07T12:33:12","date_gmt":"2021-07-07T10:33:12","guid":{"rendered":"https:\/\/beta.of-liberty.com\/?page_id=39619"},"modified":"2022-12-30T07:47:04","modified_gmt":"2022-12-30T06:47:04","slug":"maison","status":"publish","type":"page","link":"https:\/\/beta.of-liberty.com\/en\/photos-videos\/maison\/","title":{"rendered":"La maison"},"content":{"rendered":"<div data-elementor-type=\"wp-page\" data-elementor-id=\"39619\" class=\"elementor elementor-39619\">\n\t\t\t\t\t\t<section class=\"elementor-section elementor-top-section elementor-element elementor-element-702775f elementor-section-height-min-height elementor-section-boxed elementor-section-height-default elementor-section-items-middle\" data-id=\"702775f\" data-element_type=\"section\" data-settings=\"{&quot;jet_parallax_layout_list&quot;:[{&quot;jet_parallax_layout_image&quot;:{&quot;url&quot;:&quot;&quot;,&quot;id&quot;:&quot;&quot;,&quot;size&quot;:&quot;&quot;},&quot;_id&quot;:&quot;eedbfd4&quot;,&quot;jet_parallax_layout_image_tablet&quot;:{&quot;url&quot;:&quot;&quot;,&quot;id&quot;:&quot;&quot;,&quot;size&quot;:&quot;&quot;},&quot;jet_parallax_layout_image_mobile&quot;:{&quot;url&quot;:&quot;&quot;,&quot;id&quot;:&quot;&quot;,&quot;size&quot;:&quot;&quot;},&quot;jet_parallax_layout_speed&quot;:{&quot;unit&quot;:&quot;%&quot;,&quot;size&quot;:50,&quot;sizes&quot;:[]},&quot;jet_parallax_layout_type&quot;:&quot;scroll&quot;,&quot;jet_parallax_layout_direction&quot;:null,&quot;jet_parallax_layout_fx_direction&quot;:null,&quot;jet_parallax_layout_z_index&quot;:&quot;&quot;,&quot;jet_parallax_layout_bg_x&quot;:50,&quot;jet_parallax_layout_bg_x_tablet&quot;:&quot;&quot;,&quot;jet_parallax_layout_bg_x_mobile&quot;:&quot;&quot;,&quot;jet_parallax_layout_bg_y&quot;:50,&quot;jet_parallax_layout_bg_y_tablet&quot;:&quot;&quot;,&quot;jet_parallax_layout_bg_y_mobile&quot;:&quot;&quot;,&quot;jet_parallax_layout_bg_size&quot;:&quot;auto&quot;,&quot;jet_parallax_layout_bg_size_tablet&quot;:&quot;&quot;,&quot;jet_parallax_layout_bg_size_mobile&quot;:&quot;&quot;,&quot;jet_parallax_layout_animation_prop&quot;:&quot;transform&quot;,&quot;jet_parallax_layout_on&quot;:[&quot;desktop&quot;,&quot;tablet&quot;]}]}\">\n\t\t\t\t\t\t<div class=\"elementor-container elementor-column-gap-default\">\n\t\t\t\t\t<div class=\"elementor-column elementor-col-100 elementor-top-column elementor-element elementor-element-80088b2\" data-id=\"80088b2\" data-element_type=\"column\" data-settings=\"{&quot;background_background&quot;:&quot;classic&quot;}\">\n\t\t\t<div class=\"elementor-widget-wrap elementor-element-populated\">\n\t\t\t\t\t\t<div class=\"elementor-element elementor-element-a84d0ab elementor-widget elementor-widget-heading\" data-id=\"a84d0ab\" data-element_type=\"widget\" data-widget_type=\"heading.default\">\n\t\t\t\t<div class=\"elementor-widget-container\">\n\t\t\t\t\t<h2 class=\"elementor-heading-title elementor-size-default\">Ajoutez votre titre ici<\/h2>\t\t\t\t<\/div>\n\t\t\t\t<\/div>\n\t\t\t\t<div class=\"elementor-element elementor-element-4f35eec elementor-widget elementor-widget-gallery\" data-id=\"4f35eec\" data-element_type=\"widget\" data-widget_type=\"gallery.default\">\n\t\t\t\t<div class=\"elementor-widget-container\">\n\t\t\t\t\t \t\t\t\t<\/div>\n\t\t\t\t<\/div>\n\t\t\t\t\t<\/div>\n\t\t<\/div>\n\t\t\t\t\t<\/div>\n\t\t<\/section>\n\t\t\t\t<\/div>","protected":false},"excerpt":{"rendered":"<p>2016 et avant Vid\u00e9os Aucune vid\u00e9o trouv\u00e9e<\/p>","protected":false},"author":1,"featured_media":0,"parent":39541,"menu_order":0,"comment_status":"closed","ping_status":"closed","template":"elementor_header_footer","meta":{"_et_pb_use_builder":"","_et_pb_old_content":"","_et_gb_content_width":"","_jf_save_progress":"","_jf_limit_responses":"","_jet_sm_ready_style":"","_jet_sm_style":"","_jet_sm_controls_values":"","_jet_sm_fonts_collection":"","_jet_sm_fonts_links":"","footnotes":""},"class_list":["post-39619","page","type-page","status-publish","hentry"],"yoast_head":"<!-- This site is optimized with the Yoast SEO plugin v24.8.1 - https:\/\/yoast.com\/wordpress\/plugins\/seo\/ -->\n<title>La maison - Of-liberty<\/title>\n<meta name=\"robots\" content=\"index, follow, max-snippet:-1, max-image-preview:large, max-video-preview:-1\" \/>\n<link rel=\"canonical\" href=\"https:\/\/beta.of-liberty.com\/en\/photos-videos\/maison\/\" \/>\n<meta property=\"og:locale\" content=\"en_GB\" \/>\n<meta property=\"og:type\" content=\"article\" \/>\n<meta property=\"og:title\" content=\"La maison - Of-liberty\" \/>\n<meta property=\"og:description\" content=\"2016 et avant Vid\u00e9os Aucune vid\u00e9o trouv\u00e9e\" \/>\n<meta property=\"og:url\" content=\"https:\/\/beta.of-liberty.com\/en\/photos-videos\/maison\/\" \/>\n<meta property=\"og:site_name\" content=\"Of-liberty\" \/>\n<meta property=\"article:modified_time\" content=\"2022-12-30T06:47:04+00:00\" \/>\n<meta name=\"twitter:card\" content=\"summary_large_image\" \/>\n<meta name=\"twitter:label1\" content=\"Estimated reading time\" \/>\n\t<meta name=\"twitter:data1\" content=\"1 minute\" \/>\n<script type=\"application\/ld+json\" class=\"yoast-schema-graph\">{\"@context\":\"https:\/\/schema.org\",\"@graph\":[{\"@type\":\"WebPage\",\"@id\":\"https:\/\/beta.of-liberty.com\/photos-videos\/maison\/\",\"url\":\"https:\/\/beta.of-liberty.com\/photos-videos\/maison\/\",\"name\":\"La maison - Of-liberty\",\"isPartOf\":{\"@id\":\"https:\/\/beta.of-liberty.com\/#website\"},\"datePublished\":\"2021-07-07T10:33:12+00:00\",\"dateModified\":\"2022-12-30T06:47:04+00:00\",\"breadcrumb\":{\"@id\":\"https:\/\/beta.of-liberty.com\/photos-videos\/maison\/#breadcrumb\"},\"inLanguage\":\"en-GB\",\"potentialAction\":[{\"@type\":\"ReadAction\",\"target\":[\"https:\/\/beta.of-liberty.com\/photos-videos\/maison\/\"]}]},{\"@type\":\"BreadcrumbList\",\"@id\":\"https:\/\/beta.of-liberty.com\/photos-videos\/maison\/#breadcrumb\",\"itemListElement\":[{\"@type\":\"ListItem\",\"position\":1,\"name\":\"Accueil\",\"item\":\"https:\/\/beta.of-liberty.com\/\"},{\"@type\":\"ListItem\",\"position\":2,\"name\":\"Photos et vid\u00e9os\",\"item\":\"https:\/\/beta.of-liberty.com\/photos-videos\/\"},{\"@type\":\"ListItem\",\"position\":3,\"name\":\"La maison\"}]},{\"@type\":\"WebSite\",\"@id\":\"https:\/\/beta.of-liberty.com\/#website\",\"url\":\"https:\/\/beta.of-liberty.com\/\",\"name\":\"Of-liberty\",\"description\":\"Pension, chenil, chatterrie, \u00e9levage de whippet\",\"potentialAction\":[{\"@type\":\"SearchAction\",\"target\":{\"@type\":\"EntryPoint\",\"urlTemplate\":\"https:\/\/beta.of-liberty.com\/?s={search_term_string}\"},\"query-input\":{\"@type\":\"PropertyValueSpecification\",\"valueRequired\":true,\"valueName\":\"search_term_string\"}}],\"inLanguage\":\"en-GB\"}]}<\/script>\n<!-- \/ Yoast SEO plugin. -->","yoast_head_json":{"title":"La maison - Of-liberty","robots":{"index":"index","follow":"follow","max-snippet":"max-snippet:-1","max-image-preview":"max-image-preview:large","max-video-preview":"max-video-preview:-1"},"canonical":"https:\/\/beta.of-liberty.com\/en\/photos-videos\/maison\/","og_locale":"en_GB","og_type":"article","og_title":"La maison - Of-liberty","og_description":"2016 et avant Vid\u00e9os Aucune vid\u00e9o trouv\u00e9e","og_url":"https:\/\/beta.of-liberty.com\/en\/photos-videos\/maison\/","og_site_name":"Of-liberty","article_modified_time":"2022-12-30T06:47:04+00:00","twitter_card":"summary_large_image","twitter_misc":{"Estimated reading time":"1 minute"},"schema":{"@context":"https:\/\/schema.org","@graph":[{"@type":"WebPage","@id":"https:\/\/beta.of-liberty.com\/photos-videos\/maison\/","url":"https:\/\/beta.of-liberty.com\/photos-videos\/maison\/","name":"La maison - Of-liberty","isPartOf":{"@id":"https:\/\/beta.of-liberty.com\/#website"},"datePublished":"2021-07-07T10:33:12+00:00","dateModified":"2022-12-30T06:47:04+00:00","breadcrumb":{"@id":"https:\/\/beta.of-liberty.com\/photos-videos\/maison\/#breadcrumb"},"inLanguage":"en-GB","potentialAction":[{"@type":"ReadAction","target":["https:\/\/beta.of-liberty.com\/photos-videos\/maison\/"]}]},{"@type":"BreadcrumbList","@id":"https:\/\/beta.of-liberty.com\/photos-videos\/maison\/#breadcrumb","itemListElement":[{"@type":"ListItem","position":1,"name":"Accueil","item":"https:\/\/beta.of-liberty.com\/"},{"@type":"ListItem","position":2,"name":"Photos et vid\u00e9os","item":"https:\/\/beta.of-liberty.com\/photos-videos\/"},{"@type":"ListItem","position":3,"name":"La maison"}]},{"@type":"WebSite","@id":"https:\/\/beta.of-liberty.com\/#website","url":"https:\/\/beta.of-liberty.com\/","name":"Of-liberty","description":"Pension, chenil, chatterrie, \u00e9levage de whippet","potentialAction":[{"@type":"SearchAction","target":{"@type":"EntryPoint","urlTemplate":"https:\/\/beta.of-liberty.com\/?s={search_term_string}"},"query-input":{"@type":"PropertyValueSpecification","valueRequired":true,"valueName":"search_term_string"}}],"inLanguage":"en-GB"}]}},"_links":{"self":[{"href":"https:\/\/beta.of-liberty.com\/en\/wp-json\/wp\/v2\/pages\/39619","targetHints":{"allow":["GET"]}}],"collection":[{"href":"https:\/\/beta.of-liberty.com\/en\/wp-json\/wp\/v2\/pages"}],"about":[{"href":"https:\/\/beta.of-liberty.com\/en\/wp-json\/wp\/v2\/types\/page"}],"author":[{"embeddable":true,"href":"https:\/\/beta.of-liberty.com\/en\/wp-json\/wp\/v2\/users\/1"}],"replies":[{"embeddable":true,"href":"https:\/\/beta.of-liberty.com\/en\/wp-json\/wp\/v2\/comments?post=39619"}],"version-history":[{"count":6,"href":"https:\/\/beta.of-liberty.com\/en\/wp-json\/wp\/v2\/pages\/39619\/revisions"}],"predecessor-version":[{"id":41680,"href":"https:\/\/beta.of-liberty.com\/en\/wp-json\/wp\/v2\/pages\/39619\/revisions\/41680"}],"up":[{"embeddable":true,"href":"https:\/\/beta.of-liberty.com\/en\/wp-json\/wp\/v2\/pages\/39541"}],"wp:attachment":[{"href":"https:\/\/beta.of-liberty.com\/en\/wp-json\/wp\/v2\/media?parent=39619"}],"curies":[{"name":"wp","href":"https:\/\/api.w.org\/{rel}","templated":true}]}}